{"id":158,"date":"2019-07-31T12:14:49","date_gmt":"2019-07-31T10:14:49","guid":{"rendered":"http:\/\/www.ofenbau-nitz-hasler.it\/cookies\/"},"modified":"2019-09-17T11:15:55","modified_gmt":"2019-09-17T09:15:55","slug":"cookies","status":"publish","type":"page","link":"https:\/\/ofenbau-nitz-hasler.it\/it\/cookies\/","title":{"rendered":"Cookies"},"content":{"rendered":"\n<div class=\"wp-block-image\"><figure class=\"aligncenter\"><img loading=\"lazy\" decoding=\"async\" width=\"44\" height=\"61\" src=\"https:\/\/www.ofenbau-nitz-hasler.it\/wp-content\/uploads\/feuer_braun.png\" alt=\"\" class=\"wp-image-23\" srcset=\"https:\/\/ofenbau-nitz-hasler.it\/wp-content\/uploads\/feuer_braun.png 44w, https:\/\/ofenbau-nitz-hasler.it\/wp-content\/uploads\/feuer_braun-36x50.png 36w\" sizes=\"auto, (max-width:767px) 44px, 44px\" \/><\/figure><\/div>\n\n\n\n<h1 class=\"wp-block-heading\">Cookies<\/h1>\n\n\n\n<p><strong>Che cosa \u00e8 un cookie?<\/strong><br>Un cookie \u00e8 un file di \ntesto che viene salvato durante l\u2019accesso di un sito Web sul proprio PC,\n tablet o smartphone. I cookie rendono possibile ricaricare il sito con \nle impostazioni preferite dell\u2019ultimo accesso (lingua, grandezza del \ncarattere ed altro). I cookie del nostro sito non vengono utilizzati per\n raccogliere informazioni personali del visitatore e non rappresentano \nnessun rischio per la sua privacy.<\/p>\n\n\n\n<p><strong>Specifiche di vari tipi di cookie:<\/strong><\/p>\n\n\n\n<p><strong>Cookie tecnici [ non \u00e8 richiesto il consenso dell\u2019utente ]<\/strong><br>Tra\n i cosidetti cookie tecnici, segnaliamo i cookie essenziali che \nabilitano funzioni, senza le quali non sarebbe possibile navigare in \ninternet. Questi cookie funzionano esclusivamente per la sessione in \ncorso e sono quindi detti \u201ccookie di prima parte\u201d. Questi cookie scadono\n automaticamente quando l\u2019utente chiude il browser. Rientrano, altres\u00ec, \nnell\u2019ambito dei cookie tecnici anche i cookie di analitica, utilizzati \nper analizzare statisticamente gli accessi al sito, hanno esclusivamente\n scopi statistici e raccolgono informazioni in modo anonimo senza \npossibilit\u00e0 di risalire all\u2019identificazione del singolo utente.<\/p>\n\n\n\n<p><strong>Cookie di profilazione [ \u00e8 richiesto il consenso dell\u2019utente ]<\/strong><br>I\n cookie di profilazione vengono utilizzati per raccogliere informazioni \nrelative all\u2019utente, al fine di inviare messaggi pubblicitari in linea \ncon le preferenze manifestate dallo stesso nell\u2019ambito della navigazione\n in rete.<\/p>\n\n\n\n<p><strong>Cookie di terze parti<br><\/strong>Trattandosi di cookie di \nsiti diversi da questo sito, utilizzati per finalit\u00e0 proprie di dette \nterze parti, le relative informazioni e modalit\u00e0 per prestare o negare \nil proprio consenso sono disponibili cliccando i link qui sotto.<\/p>\n\n\n\n<p><a href=\"https:\/\/www.google.com\/intl\/de\/policies\/technologies\/cookies\/\">Youtube<\/a><br><a href=\"https:\/\/www.google.com\/intl\/de\/policies\/technologies\/cookies\/\">Google Analytics<\/a><br><a href=\"https:\/\/www.google.com\/intl\/de\/policies\/technologies\/cookies\/\">Google Maps<\/a><br><a href=\"https:\/\/www.google.com\/intl\/de\/policies\/technologies\/cookies\/\">Google Plus<\/a><br><a href=\"https:\/\/www.facebook.com\/help\/cookies\/\">Facebook<\/a><br><a href=\"https:\/\/www.cleverreach.com\/privacy\">Cleverreach<\/a><\/p>\n\n\n\n<p><strong>Controllo per l\u2019utilizzo dei Cookie<br><\/strong>Quasi tutti \nbrowser offrono la possibilit\u00e0 di disattivare i Cookie. Dopo la \ndisattivazione dei Cookie non si pu\u00f2 garantire il funzionamento corretto\n del sito web<\/p>\n\n\n\n<p><strong>Guida per la disattivazione dei Cookie nei diversi browser:<\/strong><\/p>\n\n\n\n<p><strong>Firefox:<\/strong><\/p>\n\n\n\n<ul class=\"wp-block-list\"><li>Apri Firefox<\/li><li>Premi il pulsante \u201cAlt\u201d sulla tastiera<\/li><li>Nella barra degli strumenti situata nella parte superiore del browser, seleziona \u201cStrumenti\u201d e successivamente \u201cOpzioni\u201d<\/li><li>Seleziona quindi la scheda \u201cPrivacy\u201d<\/li><li>Vai su \u201cImpostazioni Cronologia:\u201d e successivamente su \u201cUtilizza impostazioni personalizzate\u201d.<\/li><li>Deseleziona \u201cAccetta i cookie dai siti\u201d e salva le preferenze.<\/li><\/ul>\n\n\n\n<p><strong>Internet Explorer:<\/strong><\/p>\n\n\n\n<ul class=\"wp-block-list\"><li>Apri Internet Explorer<\/li><li>Clicca sul pulsante \u201cStrumenti\u201d e quindi su \u201cOpzioni Internet\u201d<\/li><li>Seleziona la scheda \u201cPrivacy\u201d e sposta il dispositivo di scorrimento\n sul livello di privacy che desideri impostare (verso l\u2019alto per \nbloccare tutti i cookie o verso il basso per consentirli tutti)<\/li><li>Quindi clicca su OK<\/li><\/ul>\n\n\n\n<p><strong>Google Chrome:<\/strong><\/p>\n\n\n\n<ul class=\"wp-block-list\"><li>Apri Google Chrome<\/li><li>Clicca sull\u2019icona \u201cStrumenti\u201d<\/li><li>Seleziona \u201cImpostazioni\u201d e successivamente \u201cImpostazioni avanzate\u201d<\/li><li>Seleziona \u201cImpostazioni dei contenuti\u201d sotto la voce \u201cPrivacy\u201d<\/li><li>Nella scheda \u201cCookies\u201d \u00e8 possibile deselezionare i cookie e salvare le preferenze<\/li><\/ul>\n\n\n\n<p><strong>Safari:<\/strong><\/p>\n\n\n\n<ul class=\"wp-block-list\"><li>Apri Safari<\/li><li>Scegli \u201cPreferenze\u201d nella barra degli strumenti, quindi seleziona il pannello \u201cSicurezza\u201d nella finestra di dialogo che segue<\/li><li>Nella sezione \u201cAccetta cookie\u201d \u00e8 possibile specificare se e quando \nSafari deve salvare i cookies dai siti web. Per ulteriori informazioni \nclicca sul pulsante di Aiuto ( contrassegnato da un punto interrogativo)<\/li><li>Per maggiori informazioni sui cookie che vengono memorizzati sul vostro computer, clicca su \u201cMostra cookie\u201d<\/li><\/ul>\n\n\n\n<p>Per maggiori informazioni sui Cookie visitate i seguenti link: <a href=\"https:\/\/www.allaboutcookies.org\/\">https:\/\/www.allaboutcookies.org\/<\/a> oppure <a href=\"https:\/\/www.youronlinechoices.eu\/\">https:\/\/www.youronlinechoices.eu\/<\/a><\/p>\n","protected":false},"excerpt":{"rendered":"<p>Cookies Che cosa \u00e8 un cookie?Un cookie \u00e8 un file di testo che viene salvato durante l\u2019accesso di un sito Web sul proprio PC, tablet o<span class=\"excerpt-hellip\"> [\u2026]<\/span><\/p>\n","protected":false},"author":1,"featured_media":0,"parent":0,"menu_order":0,"comment_status":"closed","ping_status":"closed","template":"","meta":{"footnotes":""},"class_list":["post-158","page","type-page","status-publish","hentry"],"yoast_head":"<!-- This site is optimized with the Yoast SEO plugin v25.2 - https:\/\/yoast.com\/wordpress\/plugins\/seo\/ -->\n<title>Ofensetzer S\u00fcdtirol \u2013 Inspirationen von Nitz und Hasler<\/title>\n<meta name=\"description\" content=\"Hunderte Ideen f\u00fcr Ihren Traumofen! F\u00fcr individuelle Holz\u00f6fen wenden Sie sich an Ihre Ofensetzer Nitz und Hasler in S\u00fcdtirol. Hier finden Sie eine Vielzahl an sch\u00f6nen \u00d6fen.\" \/>\n<meta name=\"robots\" content=\"index, follow, max-snippet:-1, max-image-preview:large, max-video-preview:-1\" \/>\n<link rel=\"canonical\" href=\"https:\/\/ofenbau-nitz-hasler.it\/cookies\/\" \/>\n<meta property=\"og:locale\" content=\"it_IT\" \/>\n<meta property=\"og:type\" content=\"article\" \/>\n<meta property=\"og:title\" content=\"Ofensetzer S\u00fcdtirol \u2013 Inspirationen von Nitz und Hasler\" \/>\n<meta property=\"og:description\" content=\"Hunderte Ideen f\u00fcr Ihren Traumofen! F\u00fcr individuelle Holz\u00f6fen wenden Sie sich an Ihre Ofensetzer Nitz und Hasler in S\u00fcdtirol. Hier finden Sie eine Vielzahl an sch\u00f6nen \u00d6fen.\" \/>\n<meta property=\"og:url\" content=\"https:\/\/ofenbau-nitz-hasler.it\/cookies\/\" \/>\n<meta property=\"og:site_name\" content=\"Ofenbau Nitz und Hasler\" \/>\n<meta property=\"article:modified_time\" content=\"2019-09-17T09:15:55+00:00\" \/>\n<meta property=\"og:image\" content=\"https:\/\/ofenbau-nitz-hasler.it\/wp-content\/uploads\/feuer_braun.png\" \/>\n\t<meta property=\"og:image:width\" content=\"44\" \/>\n\t<meta property=\"og:image:height\" content=\"61\" \/>\n\t<meta property=\"og:image:type\" content=\"image\/png\" \/>\n<meta name=\"twitter:card\" content=\"summary_large_image\" \/>\n<meta name=\"twitter:label1\" content=\"Tempo di lettura stimato\" \/>\n\t<meta name=\"twitter:data1\" content=\"3 minuti\" \/>\n<script type=\"application\/ld+json\" class=\"yoast-schema-graph\">{\"@context\":\"https:\/\/schema.org\",\"@graph\":[{\"@type\":\"WebPage\",\"@id\":\"https:\/\/ofenbau-nitz-hasler.it\/cookies\/\",\"url\":\"https:\/\/ofenbau-nitz-hasler.it\/cookies\/\",\"name\":\"Ofensetzer S\u00fcdtirol \u2013 Inspirationen von Nitz und Hasler\",\"isPartOf\":{\"@id\":\"https:\/\/ofenbau-nitz-hasler.it\/#website\"},\"primaryImageOfPage\":{\"@id\":\"https:\/\/ofenbau-nitz-hasler.it\/cookies\/#primaryimage\"},\"image\":{\"@id\":\"https:\/\/ofenbau-nitz-hasler.it\/cookies\/#primaryimage\"},\"thumbnailUrl\":\"https:\/\/www.ofenbau-nitz-hasler.it\/wp-content\/uploads\/feuer_braun.png\",\"datePublished\":\"2019-07-31T10:14:49+00:00\",\"dateModified\":\"2019-09-17T09:15:55+00:00\",\"description\":\"Hunderte Ideen f\u00fcr Ihren Traumofen! F\u00fcr individuelle Holz\u00f6fen wenden Sie sich an Ihre Ofensetzer Nitz und Hasler in S\u00fcdtirol. Hier finden Sie eine Vielzahl an sch\u00f6nen \u00d6fen.\",\"breadcrumb\":{\"@id\":\"https:\/\/ofenbau-nitz-hasler.it\/cookies\/#breadcrumb\"},\"inLanguage\":\"it-IT\",\"potentialAction\":[{\"@type\":\"ReadAction\",\"target\":[\"https:\/\/ofenbau-nitz-hasler.it\/cookies\/\"]}]},{\"@type\":\"ImageObject\",\"inLanguage\":\"it-IT\",\"@id\":\"https:\/\/ofenbau-nitz-hasler.it\/cookies\/#primaryimage\",\"url\":\"https:\/\/www.ofenbau-nitz-hasler.it\/wp-content\/uploads\/feuer_braun.png\",\"contentUrl\":\"https:\/\/www.ofenbau-nitz-hasler.it\/wp-content\/uploads\/feuer_braun.png\"},{\"@type\":\"BreadcrumbList\",\"@id\":\"https:\/\/ofenbau-nitz-hasler.it\/cookies\/#breadcrumb\",\"itemListElement\":[{\"@type\":\"ListItem\",\"position\":1,\"name\":\"Startseite\",\"item\":\"https:\/\/ofenbau-nitz-hasler.it\/it\/\"},{\"@type\":\"ListItem\",\"position\":2,\"name\":\"Cookies\"}]},{\"@type\":\"WebSite\",\"@id\":\"https:\/\/ofenbau-nitz-hasler.it\/#website\",\"url\":\"https:\/\/ofenbau-nitz-hasler.it\/\",\"name\":\"Ofenbau Nitz und Hasler\",\"description\":\"Ofenbau\",\"potentialAction\":[{\"@type\":\"SearchAction\",\"target\":{\"@type\":\"EntryPoint\",\"urlTemplate\":\"https:\/\/ofenbau-nitz-hasler.it\/?s={search_term_string}\"},\"query-input\":{\"@type\":\"PropertyValueSpecification\",\"valueRequired\":true,\"valueName\":\"search_term_string\"}}],\"inLanguage\":\"it-IT\"}]}<\/script>\n<!-- \/ Yoast SEO plugin. -->","yoast_head_json":{"title":"Ofensetzer S\u00fcdtirol \u2013 Inspirationen von Nitz und Hasler","description":"Hunderte Ideen f\u00fcr Ihren Traumofen! F\u00fcr individuelle Holz\u00f6fen wenden Sie sich an Ihre Ofensetzer Nitz und Hasler in S\u00fcdtirol. Hier finden Sie eine Vielzahl an sch\u00f6nen \u00d6fen.","robots":{"index":"index","follow":"follow","max-snippet":"max-snippet:-1","max-image-preview":"max-image-preview:large","max-video-preview":"max-video-preview:-1"},"canonical":"https:\/\/ofenbau-nitz-hasler.it\/cookies\/","og_locale":"it_IT","og_type":"article","og_title":"Ofensetzer S\u00fcdtirol \u2013 Inspirationen von Nitz und Hasler","og_description":"Hunderte Ideen f\u00fcr Ihren Traumofen! F\u00fcr individuelle Holz\u00f6fen wenden Sie sich an Ihre Ofensetzer Nitz und Hasler in S\u00fcdtirol. Hier finden Sie eine Vielzahl an sch\u00f6nen \u00d6fen.","og_url":"https:\/\/ofenbau-nitz-hasler.it\/cookies\/","og_site_name":"Ofenbau Nitz und Hasler","article_modified_time":"2019-09-17T09:15:55+00:00","og_image":[{"width":44,"height":61,"url":"https:\/\/ofenbau-nitz-hasler.it\/wp-content\/uploads\/feuer_braun.png","type":"image\/png"}],"twitter_card":"summary_large_image","twitter_misc":{"Tempo di lettura stimato":"3 minuti"},"schema":{"@context":"https:\/\/schema.org","@graph":[{"@type":"WebPage","@id":"https:\/\/ofenbau-nitz-hasler.it\/cookies\/","url":"https:\/\/ofenbau-nitz-hasler.it\/cookies\/","name":"Ofensetzer S\u00fcdtirol \u2013 Inspirationen von Nitz und Hasler","isPartOf":{"@id":"https:\/\/ofenbau-nitz-hasler.it\/#website"},"primaryImageOfPage":{"@id":"https:\/\/ofenbau-nitz-hasler.it\/cookies\/#primaryimage"},"image":{"@id":"https:\/\/ofenbau-nitz-hasler.it\/cookies\/#primaryimage"},"thumbnailUrl":"https:\/\/www.ofenbau-nitz-hasler.it\/wp-content\/uploads\/feuer_braun.png","datePublished":"2019-07-31T10:14:49+00:00","dateModified":"2019-09-17T09:15:55+00:00","description":"Hunderte Ideen f\u00fcr Ihren Traumofen! F\u00fcr individuelle Holz\u00f6fen wenden Sie sich an Ihre Ofensetzer Nitz und Hasler in S\u00fcdtirol. Hier finden Sie eine Vielzahl an sch\u00f6nen \u00d6fen.","breadcrumb":{"@id":"https:\/\/ofenbau-nitz-hasler.it\/cookies\/#breadcrumb"},"inLanguage":"it-IT","potentialAction":[{"@type":"ReadAction","target":["https:\/\/ofenbau-nitz-hasler.it\/cookies\/"]}]},{"@type":"ImageObject","inLanguage":"it-IT","@id":"https:\/\/ofenbau-nitz-hasler.it\/cookies\/#primaryimage","url":"https:\/\/www.ofenbau-nitz-hasler.it\/wp-content\/uploads\/feuer_braun.png","contentUrl":"https:\/\/www.ofenbau-nitz-hasler.it\/wp-content\/uploads\/feuer_braun.png"},{"@type":"BreadcrumbList","@id":"https:\/\/ofenbau-nitz-hasler.it\/cookies\/#breadcrumb","itemListElement":[{"@type":"ListItem","position":1,"name":"Startseite","item":"https:\/\/ofenbau-nitz-hasler.it\/it\/"},{"@type":"ListItem","position":2,"name":"Cookies"}]},{"@type":"WebSite","@id":"https:\/\/ofenbau-nitz-hasler.it\/#website","url":"https:\/\/ofenbau-nitz-hasler.it\/","name":"Ofenbau Nitz und Hasler","description":"Ofenbau","potentialAction":[{"@type":"SearchAction","target":{"@type":"EntryPoint","urlTemplate":"https:\/\/ofenbau-nitz-hasler.it\/?s={search_term_string}"},"query-input":{"@type":"PropertyValueSpecification","valueRequired":true,"valueName":"search_term_string"}}],"inLanguage":"it-IT"}]}},"_links":{"self":[{"href":"https:\/\/ofenbau-nitz-hasler.it\/it\/wp-json\/wp\/v2\/pages\/158","targetHints":{"allow":["GET"]}}],"collection":[{"href":"https:\/\/ofenbau-nitz-hasler.it\/it\/wp-json\/wp\/v2\/pages"}],"about":[{"href":"https:\/\/ofenbau-nitz-hasler.it\/it\/wp-json\/wp\/v2\/types\/page"}],"author":[{"embeddable":true,"href":"https:\/\/ofenbau-nitz-hasler.it\/it\/wp-json\/wp\/v2\/users\/1"}],"replies":[{"embeddable":true,"href":"https:\/\/ofenbau-nitz-hasler.it\/it\/wp-json\/wp\/v2\/comments?post=158"}],"version-history":[{"count":1,"href":"https:\/\/ofenbau-nitz-hasler.it\/it\/wp-json\/wp\/v2\/pages\/158\/revisions"}],"predecessor-version":[{"id":162,"href":"https:\/\/ofenbau-nitz-hasler.it\/it\/wp-json\/wp\/v2\/pages\/158\/revisions\/162"}],"wp:attachment":[{"href":"https:\/\/ofenbau-nitz-hasler.it\/it\/wp-json\/wp\/v2\/media?parent=158"}],"curies":[{"name":"wp","href":"https:\/\/api.w.org\/{rel}","templated":true}]}}